{"id":30549,"date":"2021-06-09T16:15:04","date_gmt":"2021-06-09T19:15:04","guid":{"rendered":"https:\/\/www.abmdf.com.br\/?page_id=30549"},"modified":"2021-10-15T01:05:34","modified_gmt":"2021-10-15T04:05:34","slug":"vagas","status":"publish","type":"page","link":"https:\/\/www.abmdf.com.br\/?page_id=30549","title":{"rendered":"VAGAS"},"content":{"rendered":"<div class=\"wpb-content-wrapper\"><p>[vc_row][vc_column][vc_message message_box_color=&#8221;vista_blue&#8221; icon_fontawesome=&#8221;fas fa-arrow-circle-right&#8221;]PROCESSO SELETIVO PARA CONTRATA\u00c7\u00c3O DE ESTAGI\u00c1RIOS(AS) DE ENSINO M\u00c9DIO E SUPERIOR.<\/p>\n<p>O COORDENADOR-GERAL DE GEST\u00c3O DE PESSOAS DO MINIST\u00c9RIO DA SA\u00daDE, torna p\u00fablica a realiza\u00e7\u00e3o do Processo Seletivo para forma\u00e7\u00e3o de cadastro de reserva para vagas de est\u00e1gio remunerado de ensino m\u00e9dio e superior nas unidades do Minist\u00e9rio da Sa\u00fade em Bras\u00edlia, Distrito Federal.<\/p>\n<p>Acesse o edital: <a href=\"https:\/\/www.abmdf.com.br\/wp-content\/uploads\/2021\/10\/EDITAL-No-34-18-DE-OUTUBRO-DE-2021-EDITAL-No-34-18-DE-OUTUBRO-DE-2021-DOU-Imprensa-Nacional.pdf\">https:\/\/www.abmdf.com.br\/wp-content\/uploads\/2021\/10\/EDITAL-No-34-18-DE-OUTUBRO-DE-2021-EDITAL-No-34-18-DE-OUTUBRO-DE-2021-DOU-Imprensa-Nacional.pdf<\/a>[\/vc_message][vc_message message_box_color=&#8221;vista_blue&#8221; icon_fontawesome=&#8221;fas fa-arrow-circle-right&#8221;]Estamos com vaga aberta para contrata\u00e7\u00e3o de BIOM\u00c9DICO com experi\u00eancia em laborat\u00f3rio de an\u00e1lises cl\u00ednicas, para atua\u00e7\u00e3o como orientador de pr\u00e1tica. Hor\u00e1rio: 2\u00aa a 6\u00aa das 12h30 \u00e0s 18h30 &#8211; 30h &#8211; Efetivo \u2013 CLT<\/p>\n<p>O link \u00e9: <a href=\"https:\/\/uniceub.empregare.com\/pt-br\/vaga-analista-senior-biomedico-orientador-de-_24433\">https:\/\/uniceub.empregare.com\/pt-br\/vaga-analista-senior-biomedico-orientador-de-_24433<\/a>[\/vc_message][vc_message message_box_color=&#8221;vista_blue&#8221; icon_fontawesome=&#8221;fas fa-arrow-circle-right&#8221;]PROCESSO SELETIVO PARA A 18\u00aa TURMA DO PROGRAMA DE TREINAMENTO EM EPIDEMIOLOGIA APLICADA AOS SERVI\u00c7OS DO SISTEMA \u00daNICO DE SA\u00daDE &#8211; EpiSUS-Avan\u00e7ado<\/p>\n<p>O treinamento \u00e9 composto majoritariamente por atividades pr\u00e1ticas, desenvolvidas no \u00e2mbito da SVS\/MS e<br \/>\nde outros \u00f3rg\u00e3os do SUS das esferas municipal e estadual, e tem por objetivo geral aprimorar capacidade<br \/>\nt\u00e9cnica de profissionais de n\u00edvel superior, por meio de treinamento em servi\u00e7o para atuar frente \u00e0s<br \/>\ninvestiga\u00e7\u00f5es epidemiol\u00f3gicas, tais como surtos e emerg\u00eancias em sa\u00fade p\u00fablica no \u00e2mbito dos servi\u00e7os<br \/>\ndo Sistema \u00danico de Sa\u00fade.<\/p>\n<p>Inscri\u00e7\u00f5es online do dia 16.09 a 16.10.2021 <a href=\"https:\/\/episus.saude.gov.br\/index.php\">https:\/\/episus.saude.gov.br\/index.php<\/a>[\/vc_message][vc_message message_box_color=&#8221;vista_blue&#8221; icon_fontawesome=&#8221;fas fa-arrow-circle-right&#8221;]O ISAX est\u00e1 selecionando 2 candidatos a est\u00e1gio remunerado. Dentre os benef\u00edcios \u00e9 oferecido:<br \/>\n&#8211; Bolsa<br \/>\n&#8211; Transporte<br \/>\n&#8211; Bonifica\u00e7\u00e3o<br \/>\n&#8211; Possibilidade de Bolsas de estudos.<\/p>\n<p>Para fazer o cadastro leia as informa\u00e7\u00f5es do e-book acessando o link: <a href=\"http:\/\/isax.com.br\/vagas\">isax.com.br\/vagas<\/a>[\/vc_message][vc_message message_box_color=&#8221;vista_blue&#8221; icon_fontawesome=&#8221;fas fa-arrow-circle-right&#8221;]PROCESSO SELETIVO PARA A 18\u00aa TURMA DO PROGRAMA DE TREINAMENTO EM EPIDEMIOLOGIA APLICADA AOS SERVI\u00c7OS DO SISTEMA \u00daNICO DE SA\u00daDE &#8211; EpiSUS-Avan\u00e7ado<br \/>\nInscri\u00e7\u00f5es online do dia 16.09 a 16.10.2021<br \/>\nO treinamento \u00e9 composto majoritariamente por atividades pr\u00e1ticas, desenvolvidas no \u00e2mbito da SVS\/MS e<br \/>\nde outros \u00f3rg\u00e3os do SUS das esferas municipal e estadual, e tem por objetivo geral aprimorar capacidade<br \/>\nt\u00e9cnica de profissionais de n\u00edvel superior, por meio de treinamento em servi\u00e7o para atuar frente \u00e0s<br \/>\ninvestiga\u00e7\u00f5es epidemiol\u00f3gicas, tais como surtos e emerg\u00eancias em sa\u00fade p\u00fablica no \u00e2mbito dos servi\u00e7os<br \/>\ndo Sistema \u00danico de Sa\u00fade. Link: <a href=\"https:\/\/episus.saude.gov.br\/index.php\">https:\/\/episus.saude.gov.br\/index.php<\/a>[\/vc_message][\/vc_column][\/vc_row]<\/p>\n<\/div>","protected":false},"excerpt":{"rendered":"<p>[vc_row][vc_column][vc_message message_box_color=&#8221;vista_blue&#8221; icon_fontawesome=&#8221;fas fa-arrow-circle-right&#8221;]PROCESSO SELETIVO PARA CONTRATA\u00c7\u00c3O DE ESTAGI\u00c1RIOS(AS) DE ENSINO M\u00c9DIO E SUPERIOR. O COORDENADOR-GERAL DE GEST\u00c3O DE PESSOAS DO MINIST\u00c9RIO DA SA\u00daDE, torna p\u00fablica<span class=\"excerpt-hellip\"> [\u2026]<\/span><\/p>\n","protected":false},"author":4,"featured_media":0,"parent":0,"menu_order":0,"comment_status":"closed","ping_status":"closed","template":"","meta":{"_monsterinsights_skip_tracking":false,"_monsterinsights_sitenote_active":false,"_monsterinsights_sitenote_note":"","_monsterinsights_sitenote_category":0,"footnotes":""},"class_list":["post-30549","page","type-page","status-publish","hentry"],"aioseo_notices":[],"_links":{"self":[{"href":"https:\/\/www.abmdf.com.br\/index.php?rest_route=\/wp\/v2\/pages\/30549","targetHints":{"allow":["GET"]}}],"collection":[{"href":"https:\/\/www.abmdf.com.br\/index.php?rest_route=\/wp\/v2\/pages"}],"about":[{"href":"https:\/\/www.abmdf.com.br\/index.php?rest_route=\/wp\/v2\/types\/page"}],"author":[{"embeddable":true,"href":"https:\/\/www.abmdf.com.br\/index.php?rest_route=\/wp\/v2\/users\/4"}],"replies":[{"embeddable":true,"href":"https:\/\/www.abmdf.com.br\/index.php?rest_route=%2Fwp%2Fv2%2Fcomments&post=30549"}],"version-history":[{"count":10,"href":"https:\/\/www.abmdf.com.br\/index.php?rest_route=\/wp\/v2\/pages\/30549\/revisions"}],"predecessor-version":[{"id":30700,"href":"https:\/\/www.abmdf.com.br\/index.php?rest_route=\/wp\/v2\/pages\/30549\/revisions\/30700"}],"wp:attachment":[{"href":"https:\/\/www.abmdf.com.br\/index.php?rest_route=%2Fwp%2Fv2%2Fmedia&parent=30549"}],"curies":[{"name":"wp","href":"https:\/\/api.w.org\/{rel}","templated":true}]}}